{"id":694,"date":"2021-03-23T19:55:06","date_gmt":"2021-03-23T16:55:06","guid":{"rendered":"https:\/\/www.grafas.org\/demo09\/?page_id=694"},"modified":"2024-06-22T16:31:19","modified_gmt":"2024-06-22T16:31:19","slug":"speakers","status":"publish","type":"page","link":"http:\/\/canacoservyturpiedrasnegras.com\/?page_id=694","title":{"rendered":"REGISTRO SIEM"},"content":{"rendered":"<style>.kb-row-layout-id694_408591-d1 > .kt-row-column-wrap{align-content:start;}:where(.kb-row-layout-id694_408591-d1 > .kt-row-column-wrap) > .wp-block-kadence-column{justify-content:start;}.kb-row-layout-id694_408591-d1 > .kt-row-column-wrap{column-gap:var(--global-kb-gap-md, 2rem);row-gap:var(--global-kb-gap-md, 2rem);max-width:var( --global-content-width, 1290px );padding-left:var(--global-content-edge-padding);padding-right:var(--global-content-edge-padding);padding-top:170px;padding-bottom:155px;padding-left:30px;grid-template-columns:minmax(0, 1fr);}.kb-row-layout-id694_408591-d1 > .kt-row-layout-overlay{opacity:0.30;}.kb-row-layout-id694_408591-d1 .kt-row-layout-bottom-sep{height:185px;}.kb-row-layout-id694_408591-d1 .kt-row-layout-bottom-sep svg{width:140%;}.kb-row-layout-id694_408591-d1 .kt-row-layout-bottom-sep svg{fill:var(--global-palette9, #ffffff)!important;}@media all and (max-width: 1024px){.kb-row-layout-id694_408591-d1 > .kt-row-column-wrap{grid-template-columns:minmax(0, 1fr);}}@media all and (max-width: 1024px){.kb-row-layout-id694_408591-d1 .kt-row-layout-bottom-sep{height:px;}}@media all and (max-width: 1024px){.kb-row-layout-id694_408591-d1 .kt-row-layout-bottom-sep svg{width:%;}}@media all and (max-width: 767px){.kb-row-layout-id694_408591-d1 > .kt-row-column-wrap{grid-template-columns:minmax(0, 1fr);}.kb-row-layout-id694_408591-d1 .kt-row-layout-bottom-sep{height:px;}.kb-row-layout-id694_408591-d1 .kt-row-layout-bottom-sep svg{width:%;}}<\/style><div class=\"kb-row-layout-wrap kb-row-layout-id694_408591-d1 alignnone has-theme-palette2-background-color kt-row-has-bg wp-block-kadence-rowlayout\"><div class=\"kt-row-layout-bottom-sep kt-row-sep-type-mtns\"><svg viewBox=\"0 0 1000 100\" preserveAspectRatio=\"none\"><path d=\"M1000,50l-182.69,-45.286l-292.031,61.197l-190.875,-41.075l-143.748,28.794l-190.656,-23.63l0,70l1000,0l0,-50Z\" style=\"opacity: 0.4\" \/><path d=\"M1000,57l-152.781,-22.589l-214.383,19.81l-159.318,-21.471l-177.44,25.875l-192.722,5.627l-103.356,-27.275l0,63.023l1000,0l0,-43Z\" \/><\/svg><\/div><div class=\"kt-row-column-wrap kt-has-1-columns kt-row-layout-equal kt-tab-layout-inherit kt-mobile-layout-row kt-row-valign-top kb-theme-content-width\">\n<style>.kadence-column694_1cd07e-96 > .kt-inside-inner-col,.kadence-column694_1cd07e-96 > .kt-inside-inner-col:before{border-top-left-radius:0px;border-top-right-radius:0px;border-bottom-right-radius:0px;border-bottom-left-radius:0px;}.kadence-column694_1cd07e-96 > .kt-inside-inner-col{column-gap:var(--global-kb-gap-sm, 1rem);}.kadence-column694_1cd07e-96 > .kt-inside-inner-col{flex-direction:column;}.kadence-column694_1cd07e-96 > .kt-inside-inner-col > .aligncenter{width:100%;}.kadence-column694_1cd07e-96 > .kt-inside-inner-col:before{opacity:0.3;}.kadence-column694_1cd07e-96{position:relative;}@media all and (max-width: 1024px){.kadence-column694_1cd07e-96 > .kt-inside-inner-col{flex-direction:column;}}@media all and (max-width: 767px){.kadence-column694_1cd07e-96 > .kt-inside-inner-col{flex-direction:column;}}<\/style>\n<div class=\"wp-block-kadence-column kadence-column694_1cd07e-96 inner-column-1\"><div class=\"kt-inside-inner-col\"><style>.kb-row-layout-id694_c58910-cc > .kt-row-column-wrap{align-content:start;}:where(.kb-row-layout-id694_c58910-cc > .kt-row-column-wrap) > .wp-block-kadence-column{justify-content:start;}.kb-row-layout-id694_c58910-cc > .kt-row-column-wrap{column-gap:var(--global-kb-gap-md, 2rem);row-gap:var(--global-kb-gap-md, 2rem);padding-top:0px;padding-bottom:0px;grid-template-columns:repeat(2, minmax(0, 1fr));}.kb-row-layout-id694_c58910-cc > .kt-row-layout-overlay{opacity:0.30;}.kb-row-layout-id694_c58910-cc .kt-row-layout-bottom-sep{height:100px;}.kb-row-layout-id694_c58910-cc .kt-row-layout-bottom-sep svg{width:100%;}.kb-row-layout-id694_c58910-cc .kt-row-layout-bottom-sep svg{fill:#ffffff!important;}@media all and (max-width: 1024px){.kb-row-layout-id694_c58910-cc > .kt-row-column-wrap{grid-template-columns:repeat(2, minmax(0, 1fr));}}@media all and (max-width: 1024px){.kb-row-layout-id694_c58910-cc .kt-row-layout-bottom-sep{height:px;}}@media all and (max-width: 1024px){.kb-row-layout-id694_c58910-cc .kt-row-layout-bottom-sep svg{width:%;}}@media all and (max-width: 767px){.kb-row-layout-id694_c58910-cc > .kt-row-column-wrap{grid-template-columns:minmax(0, 1fr);}.kb-row-layout-id694_c58910-cc .kt-row-layout-bottom-sep{height:px;}.kb-row-layout-id694_c58910-cc .kt-row-layout-bottom-sep svg{width:%;}}<\/style><div class=\"kb-row-layout-wrap kb-row-layout-id694_c58910-cc alignnone wp-block-kadence-rowlayout\"><div class=\"kt-row-column-wrap kt-has-2-columns kt-row-layout-equal kt-tab-layout-inherit kt-mobile-layout-row kt-row-valign-top\">\n<style>.kadence-column694_3de700-fa > .kt-inside-inner-col,.kadence-column694_3de700-fa > .kt-inside-inner-col:before{border-top-left-radius:0px;border-top-right-radius:0px;border-bottom-right-radius:0px;border-bottom-left-radius:0px;}.kadence-column694_3de700-fa > .kt-inside-inner-col{column-gap:var(--global-kb-gap-sm, 1rem);}.kadence-column694_3de700-fa > .kt-inside-inner-col{flex-direction:column;}.kadence-column694_3de700-fa > .kt-inside-inner-col > .aligncenter{width:100%;}.kadence-column694_3de700-fa > .kt-inside-inner-col:before{opacity:0.3;}.kadence-column694_3de700-fa{position:relative;}@media all and (max-width: 1024px){.kadence-column694_3de700-fa > .kt-inside-inner-col{flex-direction:column;}}@media all and (max-width: 767px){.kadence-column694_3de700-fa > .kt-inside-inner-col{flex-direction:column;}}<\/style>\n<div class=\"wp-block-kadence-column kadence-column694_3de700-fa inner-column-1\"><div class=\"kt-inside-inner-col\"><style>.wp-block-kadence-advancedheading.kt-adv-heading694_09520d-54, .wp-block-kadence-advancedheading.kt-adv-heading694_09520d-54[data-kb-block=\"kb-adv-heading694_09520d-54\"]{padding-top:0px;margin-top:0px;font-style:normal;}.wp-block-kadence-advancedheading.kt-adv-heading694_09520d-54 mark, .wp-block-kadence-advancedheading.kt-adv-heading694_09520d-54[data-kb-block=\"kb-adv-heading694_09520d-54\"] mark{font-style:normal;color:#f76a0c;padding-top:0px;padding-right:0px;padding-bottom:0px;padding-left:0px;}<\/style>\n<h3 class=\"kt-adv-heading694_09520d-54 wp-block-kadence-advancedheading has-theme-palette-9-color has-text-color\" data-kb-block=\"kb-adv-heading694_09520d-54\">REGISTRO AL SISTEMA DE INFORMACI\u00d3N EMPRESARIAL MEXICANO<\/h3>\n<\/div><\/div>\n\n\n<style>.kadence-column694_23d5a0-2c > .kt-inside-inner-col,.kadence-column694_23d5a0-2c > .kt-inside-inner-col:before{border-top-left-radius:0px;border-top-right-radius:0px;border-bottom-right-radius:0px;border-bottom-left-radius:0px;}.kadence-column694_23d5a0-2c > .kt-inside-inner-col{column-gap:var(--global-kb-gap-sm, 1rem);}.kadence-column694_23d5a0-2c > .kt-inside-inner-col{flex-direction:column;}.kadence-column694_23d5a0-2c > .kt-inside-inner-col > .aligncenter{width:100%;}.kadence-column694_23d5a0-2c > .kt-inside-inner-col:before{opacity:0.3;}.kadence-column694_23d5a0-2c{position:relative;}@media all and (max-width: 1024px){.kadence-column694_23d5a0-2c > .kt-inside-inner-col{flex-direction:column;}}@media all and (max-width: 767px){.kadence-column694_23d5a0-2c > .kt-inside-inner-col{flex-direction:column;}}<\/style>\n<div class=\"wp-block-kadence-column kadence-column694_23d5a0-2c inner-column-2\"><div class=\"kt-inside-inner-col\">\n<figure class=\"wp-block-image size-large\"><img loading=\"lazy\" decoding=\"async\" width=\"1024\" height=\"1024\" src=\"http:\/\/canacoservyturpiedrasnegras.com\/wp-content\/uploads\/2024\/06\/WhatsApp-Image-2024-06-05-at-1.01.10-PM-1024x1024.jpeg\" alt=\"\" class=\"wp-image-1501\" srcset=\"http:\/\/canacoservyturpiedrasnegras.com\/wp-content\/uploads\/2024\/06\/WhatsApp-Image-2024-06-05-at-1.01.10-PM-1024x1024.jpeg 1024w, http:\/\/canacoservyturpiedrasnegras.com\/wp-content\/uploads\/2024\/06\/WhatsApp-Image-2024-06-05-at-1.01.10-PM-300x300.jpeg 300w, http:\/\/canacoservyturpiedrasnegras.com\/wp-content\/uploads\/2024\/06\/WhatsApp-Image-2024-06-05-at-1.01.10-PM-150x150.jpeg 150w, http:\/\/canacoservyturpiedrasnegras.com\/wp-content\/uploads\/2024\/06\/WhatsApp-Image-2024-06-05-at-1.01.10-PM-768x768.jpeg 768w, http:\/\/canacoservyturpiedrasnegras.com\/wp-content\/uploads\/2024\/06\/WhatsApp-Image-2024-06-05-at-1.01.10-PM-1536x1536.jpeg 1536w, http:\/\/canacoservyturpiedrasnegras.com\/wp-content\/uploads\/2024\/06\/WhatsApp-Image-2024-06-05-at-1.01.10-PM.jpeg 1600w\" sizes=\"auto, (max-width: 1024px) 100vw, 1024px\" \/><\/figure>\n<\/div><\/div>\n\n<\/div><\/div><\/div><\/div>\n\n<\/div><\/div>\n\n<style>.kb-row-layout-id694_2fd013-6c > .kt-row-column-wrap{align-content:start;}:where(.kb-row-layout-id694_2fd013-6c > .kt-row-column-wrap) > .wp-block-kadence-column{justify-content:start;}.kb-row-layout-id694_2fd013-6c > .kt-row-column-wrap{column-gap:var(--global-kb-gap-md, 2rem);row-gap:var(--global-kb-gap-md, 2rem);padding-top:100px;padding-bottom:80px;grid-template-columns:minmax(0, 1fr);}.kb-row-layout-id694_2fd013-6c{border-top-left-radius:0px;border-top-right-radius:0px;border-bottom-right-radius:0px;border-bottom-left-radius:0px;}.kb-row-layout-id694_2fd013-6c{border-top:1px solid var(--global-palette6, #718096);}.kb-row-layout-id694_2fd013-6c > .kt-row-layout-overlay{opacity:0.30;}@media all and (max-width: 1024px){.kb-row-layout-id694_2fd013-6c > .kt-row-column-wrap{padding-bottom:40px;grid-template-columns:minmax(0, 1fr);}}@media all and (max-width: 1024px){.kb-row-layout-id694_2fd013-6c{border-top:1px solid var(--global-palette6, #718096);}}@media all and (max-width: 767px){.kb-row-layout-id694_2fd013-6c > .kt-row-column-wrap{padding-bottom:0px;grid-template-columns:minmax(0, 1fr);}.kb-row-layout-id694_2fd013-6c{border-top:1px solid var(--global-palette6, #718096);}}<\/style><div class=\"kb-row-layout-wrap kb-row-layout-id694_2fd013-6c alignnone wp-block-kadence-rowlayout\"><div class=\"kt-row-column-wrap kt-has-1-columns kt-row-layout-equal kt-tab-layout-inherit kt-mobile-layout-row kt-row-valign-top\">\n<style>.kadence-column694_4d7e0d-c4 > .kt-inside-inner-col,.kadence-column694_4d7e0d-c4 > .kt-inside-inner-col:before{border-top-left-radius:0px;border-top-right-radius:0px;border-bottom-right-radius:0px;border-bottom-left-radius:0px;}.kadence-column694_4d7e0d-c4 > .kt-inside-inner-col{column-gap:var(--global-kb-gap-sm, 1rem);}.kadence-column694_4d7e0d-c4 > .kt-inside-inner-col{flex-direction:column;}.kadence-column694_4d7e0d-c4 > .kt-inside-inner-col > .aligncenter{width:100%;}.kadence-column694_4d7e0d-c4 > .kt-inside-inner-col:before{opacity:0.3;}.kadence-column694_4d7e0d-c4{position:relative;}@media all and (max-width: 1024px){.kadence-column694_4d7e0d-c4 > .kt-inside-inner-col{flex-direction:column;}}@media all and (max-width: 767px){.kadence-column694_4d7e0d-c4 > .kt-inside-inner-col{flex-direction:column;}}<\/style>\n<div class=\"wp-block-kadence-column kadence-column694_4d7e0d-c4\"><div class=\"kt-inside-inner-col\">\n<p class=\"has-large-font-size\"><strong>Registra tu empresa en el Sistema de Informaci\u00f3n Empresarial Mexicano (SIEM)<\/strong><\/p>\n\n\n\n<p class=\"has-medium-font-size\"><strong>\u00bfQu\u00e9 es el Sistema de Informaci\u00f3n Empresarial Mexicano (SIEM)?\u00a0<\/strong><\/p>\n\n\n\n<p class=\"has-medium-font-size\">Es un instrumento del Estado mexicano con el prop\u00f3sito de captar, integrar, procesar y suministrar informaci\u00f3n oportuna y confiable sobre las caracter\u00edsticas y ubicaci\u00f3n de los establecimientos de comercio, servicios, turismo e industria en el pa\u00eds, que permita un mejor desempe\u00f1o y promoci\u00f3n de las actividades empresariales.<\/p>\n\n\n\n<p><strong>Ley de C\u00e1maras Empresariales y sus Confederaciones<\/strong><\/p>\n\n\n\n<p><a href=\"https:\/\/mexico.justia.com\/federales\/leyes\/ley-de-camaras-empresariales-y-sus-confederaciones\/titulo-tercero\/\" target=\"_blank\" rel=\"noreferrer noopener\"><\/a>Todos los Comerciantes e Industriales, deben registrar y actualizar anualmente cada uno de sus establecimientos en el SIEM, mediante la c\u00e1mara empresarial autorizada por la Secretar\u00eda de Econom\u00eda como operador del SIEM que corresponda de acuerdo con su actividad y giro.<\/p>\n\n\n\n<p class=\"has-theme-palette-2-color has-text-color has-link-color wp-elements-c5ddcf340cd29c738198077899c7f744\"><br>Fuente https:\/\/siem.economia.gob.mx\/<\/p>\n<\/div><\/div>\n\n\n<style>.kadence-column694_295607-a9 > .kt-inside-inner-col,.kadence-column694_295607-a9 > .kt-inside-inner-col:before{border-top-left-radius:0px;border-top-right-radius:0px;border-bottom-right-radius:0px;border-bottom-left-radius:0px;}.kadence-column694_295607-a9 > .kt-inside-inner-col{column-gap:var(--global-kb-gap-sm, 1rem);}.kadence-column694_295607-a9 > .kt-inside-inner-col{flex-direction:column;}.kadence-column694_295607-a9 > .kt-inside-inner-col > .aligncenter{width:100%;}.kadence-column694_295607-a9 > .kt-inside-inner-col:before{opacity:0.3;}.kadence-column694_295607-a9{position:relative;}@media all and (max-width: 1024px){.kadence-column694_295607-a9 > .kt-inside-inner-col{flex-direction:column;}}@media all and (max-width: 767px){.kadence-column694_295607-a9 > .kt-inside-inner-col{flex-direction:column;}}<\/style>\n<div class=\"wp-block-kadence-column kadence-column694_295607-a9\"><div class=\"kt-inside-inner-col\">\n<figure class=\"wp-block-image size-large\"><img loading=\"lazy\" decoding=\"async\" width=\"1024\" height=\"1018\" src=\"http:\/\/canacoservyturpiedrasnegras.com\/wp-content\/uploads\/2024\/06\/445360801_965143582281302_7746731526049363692_n-1024x1018.jpg\" alt=\"\" class=\"wp-image-1502\" srcset=\"http:\/\/canacoservyturpiedrasnegras.com\/wp-content\/uploads\/2024\/06\/445360801_965143582281302_7746731526049363692_n-1024x1018.jpg 1024w, http:\/\/canacoservyturpiedrasnegras.com\/wp-content\/uploads\/2024\/06\/445360801_965143582281302_7746731526049363692_n-300x298.jpg 300w, http:\/\/canacoservyturpiedrasnegras.com\/wp-content\/uploads\/2024\/06\/445360801_965143582281302_7746731526049363692_n-150x150.jpg 150w, http:\/\/canacoservyturpiedrasnegras.com\/wp-content\/uploads\/2024\/06\/445360801_965143582281302_7746731526049363692_n-768x764.jpg 768w, http:\/\/canacoservyturpiedrasnegras.com\/wp-content\/uploads\/2024\/06\/445360801_965143582281302_7746731526049363692_n.jpg 1280w\" sizes=\"auto, (max-width: 1024px) 100vw, 1024px\" \/><\/figure>\n<\/div><\/div>\n\n<\/div><\/div>","protected":false},"excerpt":{"rendered":"<p>REGISTRO AL SISTEMA DE INFORMACI\u00d3N EMPRESARIAL MEXICANO Registra tu empresa en el Sistema de Informaci\u00f3n Empresarial Mexicano (SIEM) \u00bfQu\u00e9 es el Sistema de Informaci\u00f3n Empresarial Mexicano (SIEM)?\u00a0 Es un instrumento&#8230;<\/p>\n","protected":false},"author":1,"featured_media":0,"parent":0,"menu_order":0,"comment_status":"closed","ping_status":"closed","template":"","meta":{"_EventAllDay":false,"_EventTimezone":"","_EventStartDate":"","_EventEndDate":"","_EventStartDateUTC":"","_EventEndDateUTC":"","_EventShowMap":false,"_EventShowMapLink":false,"_EventURL":"","_EventCost":"","_EventCostDescription":"","_EventCurrencySymbol":"","_EventCurrencyCode":"","_EventCurrencyPosition":"","_EventDateTimeSeparator":"","_EventTimeRangeSeparator":"","_EventOrganizerID":[],"_EventVenueID":[],"_OrganizerEmail":"","_OrganizerPhone":"","_OrganizerWebsite":"","_VenueAddress":"","_VenueCity":"","_VenueCountry":"","_VenueProvince":"","_VenueState":"","_VenueZip":"","_VenuePhone":"","_VenueURL":"","_VenueStateProvince":"","_VenueLat":"","_VenueLng":"","_VenueShowMap":false,"_VenueShowMapLink":false,"_kadence_starter_templates_imported_post":true,"_kad_post_transparent":"","_kad_post_title":"hide","_kad_post_layout":"fullwidth","_kad_post_sidebar_id":"","_kad_post_content_style":"unboxed","_kad_post_vertical_padding":"hide","_kad_post_feature":"hide","_kad_post_feature_position":"","_kad_post_header":false,"_kad_post_footer":false,"footnotes":""},"class_list":["post-694","page","type-page","status-publish","hentry"],"_links":{"self":[{"href":"http:\/\/canacoservyturpiedrasnegras.com\/index.php?rest_route=\/wp\/v2\/pages\/694","targetHints":{"allow":["GET"]}}],"collection":[{"href":"http:\/\/canacoservyturpiedrasnegras.com\/index.php?rest_route=\/wp\/v2\/pages"}],"about":[{"href":"http:\/\/canacoservyturpiedrasnegras.com\/index.php?rest_route=\/wp\/v2\/types\/page"}],"author":[{"embeddable":true,"href":"http:\/\/canacoservyturpiedrasnegras.com\/index.php?rest_route=\/wp\/v2\/users\/1"}],"replies":[{"embeddable":true,"href":"http:\/\/canacoservyturpiedrasnegras.com\/index.php?rest_route=%2Fwp%2Fv2%2Fcomments&post=694"}],"version-history":[{"count":2,"href":"http:\/\/canacoservyturpiedrasnegras.com\/index.php?rest_route=\/wp\/v2\/pages\/694\/revisions"}],"predecessor-version":[{"id":1503,"href":"http:\/\/canacoservyturpiedrasnegras.com\/index.php?rest_route=\/wp\/v2\/pages\/694\/revisions\/1503"}],"wp:attachment":[{"href":"http:\/\/canacoservyturpiedrasnegras.com\/index.php?rest_route=%2Fwp%2Fv2%2Fmedia&parent=694"}],"curies":[{"name":"wp","href":"https:\/\/api.w.org\/{rel}","templated":true}]}}